{"id":114,"date":"2025-03-17T14:32:49","date_gmt":"2025-03-17T13:32:49","guid":{"rendered":"https:\/\/smashedcandy.top\/?page_id=114"},"modified":"2026-01-31T12:18:48","modified_gmt":"2026-01-31T11:18:48","slug":"werde-fordermitglied","status":"publish","type":"page","link":"https:\/\/smashedcandy.top\/?page_id=114","title":{"rendered":"Werde F\u00f6rdermitglied!"},"content":{"rendered":"\n<p>Der Smashed Candy e.V. lebt von Eurer Teilhabe. Damit wir unsere laufenden Kosten wie Miete und Ausgaben f\u00fcr Veranstaltungen tragen k\u00f6nnen, sind wir auf finanzielle Unterst\u00fctzung angewiesen. Hilf uns und werde F\u00f6rdermitglied!<br>Alle Beitr\u00e4ge ab 3 \u20ac \/ Monat sind willkommen. \ud83d\ude42<\/p>\n\n\n\n<h2 class=\"wp-block-heading\">F\u00f6rdermitgliedsantrag zum Download<\/h2>\n\n\n\n<p>Wenn Du Dich f\u00fcr eine F\u00f6rdermitgliedschaft interessierst, bitte lade <a href=\"https:\/\/smashedcandy.top\/wp-content\/uploads\/2026\/01\/SmashedCandy-Satzung-Forderantrag.pdf\"><strong><mark style=\"background-color:#f0d927\" class=\"has-inline-color\">diesen Antrag<\/mark><\/strong><\/a> runter (Seite 1 gen\u00fcgt!) und bringe ihn ausgef\u00fcllt und unterschrieben zum Plenum oder einem unserer Events mit. Alternativ kannst Du uns den ausgef\u00fcllten Antrag auch per Post schicken, bitte erfrage hierf\u00fcr bei einem unserer Mitglieder die Anschrift.<\/p>\n\n\n\n<p><strong>smashed candy e.V.<br>Aurelienstr. 48<br>04177 Leipzig<\/strong><\/p>\n\n\n\n<p>Danke f\u00fcr Deine Unterst\u00fctzung!<\/p>\n\n\n\n<p>If you want to become a sponsoring member of our association, apply for a membership with <strong><a href=\"https:\/\/smashedcandy.top\/wp-content\/uploads\/2026\/01\/2026_work-translation-EN-statutes.pdf\">this form<\/a><\/strong> . Fill in the first page, print it, sign and bring it to one of our events or send it to the above address!<\/p>\n\n\n\n<p><\/p>\n","protected":false},"excerpt":{"rendered":"<p>Der Smashed Candy e.V. lebt von Eurer Teilhabe. Damit wir unsere laufenden Kosten wie Miete und Ausgaben f\u00fcr Veranstaltungen tragen k\u00f6nnen, sind wir auf finanzielle Unterst\u00fctzung angewiesen. Hilf uns und werde F\u00f6rdermitglied!Alle Beitr\u00e4ge ab 3 \u20ac \/ Monat sind willkommen. \ud83d\ude42 F\u00f6rdermitgliedsantrag zum Download Wenn Du Dich f\u00fcr eine F\u00f6rdermitgliedschaft interessierst, bitte lade diesen Antrag [&hellip;]<\/p>\n","protected":false},"author":1,"featured_media":0,"parent":0,"menu_order":0,"comment_status":"closed","ping_status":"closed","template":"","meta":{"footnotes":""},"class_list":["post-114","page","type-page","status-publish","hentry"],"_links":{"self":[{"href":"https:\/\/smashedcandy.top\/index.php?rest_route=\/wp\/v2\/pages\/114","targetHints":{"allow":["GET"]}}],"collection":[{"href":"https:\/\/smashedcandy.top\/index.php?rest_route=\/wp\/v2\/pages"}],"about":[{"href":"https:\/\/smashedcandy.top\/index.php?rest_route=\/wp\/v2\/types\/page"}],"author":[{"embeddable":true,"href":"https:\/\/smashedcandy.top\/index.php?rest_route=\/wp\/v2\/users\/1"}],"replies":[{"embeddable":true,"href":"https:\/\/smashedcandy.top\/index.php?rest_route=%2Fwp%2Fv2%2Fcomments&post=114"}],"version-history":[{"count":8,"href":"https:\/\/smashedcandy.top\/index.php?rest_route=\/wp\/v2\/pages\/114\/revisions"}],"predecessor-version":[{"id":136,"href":"https:\/\/smashedcandy.top\/index.php?rest_route=\/wp\/v2\/pages\/114\/revisions\/136"}],"wp:attachment":[{"href":"https:\/\/smashedcandy.top\/index.php?rest_route=%2Fwp%2Fv2%2Fmedia&parent=114"}],"curies":[{"name":"wp","href":"https:\/\/api.w.org\/{rel}","templated":true}]}}